{"id":5997,"date":"2025-11-20T15:39:06","date_gmt":"2025-11-20T14:39:06","guid":{"rendered":"https:\/\/coworking-eutin.de\/moeder\/"},"modified":"2026-03-11T09:10:58","modified_gmt":"2026-03-11T08:10:58","slug":"moeder","status":"publish","type":"page","link":"https:\/\/coworking-eutin.de\/da\/moeder\/","title":{"rendered":"M\u00f8der"},"content":{"rendered":"\t\t<div data-elementor-type=\"wp-page\" data-elementor-id=\"5997\" class=\"elementor elementor-5997 elementor-5738\" data-elementor-post-type=\"page\">\n\t\t\t\t<div class=\"elementor-element elementor-element-13a1f62 e-flex e-con-boxed e-con e-parent\" data-id=\"13a1f62\" data-element_type=\"container\" data-e-type=\"container\">\n\t\t\t\t\t<div class=\"e-con-inner\">\n\t\t\t\t<div class=\"elementor-element elementor-element-ca036a6 elementor-widget elementor-widget-heading\" data-id=\"ca036a6\" data-element_type=\"widget\" data-e-type=\"widget\" data-widget_type=\"heading.default\">\n\t\t\t\t<div class=\"elementor-widget-container\">\n\t\t\t\t\t<h2 class=\"elementor-heading-title elementor-size-default\">Business-events\nhos coworking.eutin<\/h2>\t\t\t\t<\/div>\n\t\t\t\t<\/div>\n\t\t\t\t<div class=\"elementor-element elementor-element-0ffa9dc elementor-widget elementor-widget-text-editor\" data-id=\"0ffa9dc\" data-element_type=\"widget\" data-e-type=\"widget\" data-widget_type=\"text-editor.default\">\n\t\t\t\t<div class=\"elementor-widget-container\">\n\t\t\t\t\t\t\t\t\t<p style=\"text-align: center;\"><strong>Det inspirerende m\u00f8dested<\/strong><strong>i det Holstenske Schweiz<\/strong><\/p>\t\t\t\t\t\t\t\t<\/div>\n\t\t\t\t<\/div>\n\t\t\t\t<div class=\"elementor-element elementor-element-e868a6f elementor-widget elementor-widget-text-editor\" data-id=\"e868a6f\" data-element_type=\"widget\" data-e-type=\"widget\" data-widget_type=\"text-editor.default\">\n\t\t\t\t<div class=\"elementor-widget-container\">\n\t\t\t\t\t\t\t\t\t<p data-start=\"301\" data-end=\"700\">Til professionelle m\u00f8der, workshops og konferencer tilbyder coworking.eutin et moderne, fleksibelt lokale midt i Eutins centrum. Vores lyse omr\u00e5der, alsidige arbejdszoner og tekniske udstyr af h\u00f8j kvalitet skaber de ideelle rammer for produktive business-events i en rolig og kreativ atmosf\u00e6re \u2013 kun f\u00e5 minutter fra s\u00f8en Gro\u00dfer Eutiner See. <\/p><p data-start=\"702\" data-end=\"1016\">Uanset om det er en strategi-workshop, et ledelsesseminar, et teamm\u00f8de eller et netv\u00e6rksevent: Vi kombinerer effektiviteten fra et professionelt m\u00f8delokale med \u00e5benheden i et moderne coworking-space. Perfekt til virksomheder, der \u00f8nsker at arbejde koncentreret v\u00e6k fra storbyens larm og samtidig f\u00e5 nye impulser. <\/p><p data-start=\"1018\" data-end=\"1112\">De ideelle rammer for dit firmaevent: <strong data-start=\"1057\" data-end=\"1112\">Enkelt. Fleksibelt. Inspirerende \u2013 hos coworking.eutin.<\/strong><\/p>\t\t\t\t\t\t\t\t<\/div>\n\t\t\t\t<\/div>\n\t\t<div class=\"elementor-element elementor-element-da1779b e-con-full e-flex e-con e-child\" data-id=\"da1779b\" data-element_type=\"container\" data-e-type=\"container\">\n\t\t\t\t<\/div>\n\t\t\t\t<div class=\"elementor-element elementor-element-f920dd9 elementor-widget elementor-widget-spacer\" data-id=\"f920dd9\" data-element_type=\"widget\" data-e-type=\"widget\" data-widget_type=\"spacer.default\">\n\t\t\t\t<div class=\"elementor-widget-container\">\n\t\t\t\t\t\t\t<div class=\"elementor-spacer\">\n\t\t\t<div class=\"elementor-spacer-inner\"><\/div>\n\t\t<\/div>\n\t\t\t\t\t\t<\/div>\n\t\t\t\t<\/div>\n\t\t\t\t\t<\/div>\n\t\t\t\t<\/div>\n\t\t<div class=\"elementor-element elementor-element-becbe01 e-flex e-con-boxed e-con e-parent\" data-id=\"becbe01\" data-element_type=\"container\" data-e-type=\"container\">\n\t\t\t\t\t<div class=\"e-con-inner\">\n\t\t\t\t<div class=\"elementor-element elementor-element-b5f8753 elementor-widget elementor-widget-gallery\" data-id=\"b5f8753\" data-element_type=\"widget\" data-e-type=\"widget\" data-settings=\"{&quot;lazyload&quot;:&quot;yes&quot;,&quot;gallery_layout&quot;:&quot;grid&quot;,&quot;columns&quot;:4,&quot;columns_tablet&quot;:2,&quot;columns_mobile&quot;:1,&quot;gap&quot;:{&quot;unit&quot;:&quot;px&quot;,&quot;size&quot;:10,&quot;sizes&quot;:[]},&quot;gap_tablet&quot;:{&quot;unit&quot;:&quot;px&quot;,&quot;size&quot;:10,&quot;sizes&quot;:[]},&quot;gap_mobile&quot;:{&quot;unit&quot;:&quot;px&quot;,&quot;size&quot;:10,&quot;sizes&quot;:[]},&quot;link_to&quot;:&quot;file&quot;,&quot;aspect_ratio&quot;:&quot;3:2&quot;,&quot;overlay_background&quot;:&quot;yes&quot;,&quot;content_hover_animation&quot;:&quot;fade-in&quot;}\" data-widget_type=\"gallery.default\">\n\t\t\t\t<div class=\"elementor-widget-container\">\n\t\t\t\t\t\t\t<div class=\"elementor-gallery__container\">\n\t\t\t\t\t\t\t<a class=\"e-gallery-item elementor-gallery-item elementor-animated-content\" href=\"https:\/\/coworking-eutin.de\/wp-content\/uploads\/2025\/11\/Open-Space.png\" data-elementor-open-lightbox=\"yes\" data-elementor-lightbox-slideshow=\"b5f8753\" data-e-action-hash=\"#elementor-action%3Aaction%3Dlightbox%26settings%3DeyJpZCI6NTk5OCwidXJsIjoiaHR0cHM6XC9cL2Nvd29ya2luZy1ldXRpbi5kZVwvd3AtY29udGVudFwvdXBsb2Fkc1wvMjAyNVwvMTFcL09wZW4tU3BhY2UucG5nIiwic2xpZGVzaG93IjoiYjVmODc1MyJ9\">\n\t\t\t\t\t<div class=\"e-gallery-image elementor-gallery-item__image\" data-thumbnail=\"https:\/\/coworking-eutin.de\/wp-content\/uploads\/2025\/11\/Open-Space.png\" data-width=\"2048\" data-height=\"1536\" aria-label=\"\" role=\"img\" ><\/div>\n\t\t\t\t\t\t\t\t\t\t\t<div class=\"elementor-gallery-item__overlay\"><\/div>\n\t\t\t\t\t\t\t\t\t\t\t\t\t\t<\/a>\n\t\t\t\t\t\t\t<a class=\"e-gallery-item elementor-gallery-item elementor-animated-content\" href=\"https:\/\/coworking-eutin.de\/wp-content\/uploads\/2025\/05\/TB-Coaching.jpg\" data-elementor-open-lightbox=\"yes\" data-elementor-lightbox-slideshow=\"b5f8753\" data-e-action-hash=\"#elementor-action%3Aaction%3Dlightbox%26settings%3DeyJpZCI6NTk5OSwidXJsIjoiaHR0cHM6XC9cL2Nvd29ya2luZy1ldXRpbi5kZVwvd3AtY29udGVudFwvdXBsb2Fkc1wvMjAyNVwvMDVcL1RCLUNvYWNoaW5nLmpwZyIsInNsaWRlc2hvdyI6ImI1Zjg3NTMifQ%3D%3D\">\n\t\t\t\t\t<div class=\"e-gallery-image elementor-gallery-item__image\" data-thumbnail=\"https:\/\/coworking-eutin.de\/wp-content\/uploads\/2025\/05\/TB-Coaching.jpg\" data-width=\"2560\" data-height=\"836\" aria-label=\"\" role=\"img\" ><\/div>\n\t\t\t\t\t\t\t\t\t\t\t<div class=\"elementor-gallery-item__overlay\"><\/div>\n\t\t\t\t\t\t\t\t\t\t\t\t\t\t<\/a>\n\t\t\t\t\t\t\t<a class=\"e-gallery-item elementor-gallery-item elementor-animated-content\" href=\"https:\/\/coworking-eutin.de\/wp-content\/uploads\/2025\/05\/IMG_3538.jpeg\" data-elementor-open-lightbox=\"yes\" data-elementor-lightbox-slideshow=\"b5f8753\" data-e-action-hash=\"#elementor-action%3Aaction%3Dlightbox%26settings%3DeyJpZCI6NjAwMCwidXJsIjoiaHR0cHM6XC9cL2Nvd29ya2luZy1ldXRpbi5kZVwvd3AtY29udGVudFwvdXBsb2Fkc1wvMjAyNVwvMDVcL0lNR18zNTM4LmpwZWciLCJzbGlkZXNob3ciOiJiNWY4NzUzIn0%3D\">\n\t\t\t\t\t<div class=\"e-gallery-image elementor-gallery-item__image\" data-thumbnail=\"https:\/\/coworking-eutin.de\/wp-content\/uploads\/2025\/05\/IMG_3538.jpeg\" data-width=\"2048\" data-height=\"1536\" aria-label=\"\" role=\"img\" ><\/div>\n\t\t\t\t\t\t\t\t\t\t\t<div class=\"elementor-gallery-item__overlay\"><\/div>\n\t\t\t\t\t\t\t\t\t\t\t\t\t\t<\/a>\n\t\t\t\t\t\t\t<a class=\"e-gallery-item elementor-gallery-item elementor-animated-content\" href=\"https:\/\/coworking-eutin.de\/wp-content\/uploads\/2025\/05\/IMG_0945-rotated.jpeg\" data-elementor-open-lightbox=\"yes\" data-elementor-lightbox-slideshow=\"b5f8753\" data-e-action-hash=\"#elementor-action%3Aaction%3Dlightbox%26settings%3DeyJpZCI6NjAwMSwidXJsIjoiaHR0cHM6XC9cL2Nvd29ya2luZy1ldXRpbi5kZVwvd3AtY29udGVudFwvdXBsb2Fkc1wvMjAyNVwvMDVcL0lNR18wOTQ1LXJvdGF0ZWQuanBlZyIsInNsaWRlc2hvdyI6ImI1Zjg3NTMifQ%3D%3D\">\n\t\t\t\t\t<div class=\"e-gallery-image elementor-gallery-item__image\" data-thumbnail=\"https:\/\/coworking-eutin.de\/wp-content\/uploads\/2025\/05\/IMG_0945-rotated.jpeg\" data-width=\"2049\" data-height=\"1536\" aria-label=\"\" role=\"img\" ><\/div>\n\t\t\t\t\t\t\t\t\t\t\t<div class=\"elementor-gallery-item__overlay\"><\/div>\n\t\t\t\t\t\t\t\t\t\t\t\t\t\t<\/a>\n\t\t\t\t\t\t\t<a class=\"e-gallery-item elementor-gallery-item elementor-animated-content\" href=\"https:\/\/coworking-eutin.de\/wp-content\/uploads\/2025\/02\/0ECBAE6B-F428-41DE-A4BB-F4C327275667_1_105_c.jpeg\" data-elementor-open-lightbox=\"yes\" data-elementor-lightbox-slideshow=\"b5f8753\" data-e-action-hash=\"#elementor-action%3Aaction%3Dlightbox%26settings%3DeyJpZCI6NjAwMiwidXJsIjoiaHR0cHM6XC9cL2Nvd29ya2luZy1ldXRpbi5kZVwvd3AtY29udGVudFwvdXBsb2Fkc1wvMjAyNVwvMDJcLzBFQ0JBRTZCLUY0MjgtNDFERS1BNEJCLUY0QzMyNzI3NTY2N18xXzEwNV9jLmpwZWciLCJzbGlkZXNob3ciOiJiNWY4NzUzIn0%3D\">\n\t\t\t\t\t<div class=\"e-gallery-image elementor-gallery-item__image\" data-thumbnail=\"https:\/\/coworking-eutin.de\/wp-content\/uploads\/2025\/02\/0ECBAE6B-F428-41DE-A4BB-F4C327275667_1_105_c.jpeg\" data-width=\"1024\" data-height=\"768\" aria-label=\"\" role=\"img\" ><\/div>\n\t\t\t\t\t\t\t\t\t\t\t<div class=\"elementor-gallery-item__overlay\"><\/div>\n\t\t\t\t\t\t\t\t\t\t\t\t\t\t<\/a>\n\t\t\t\t\t\t\t<a class=\"e-gallery-item elementor-gallery-item elementor-animated-content\" href=\"https:\/\/coworking-eutin.de\/wp-content\/uploads\/2024\/01\/netzwerken.jpeg\" data-elementor-open-lightbox=\"yes\" data-elementor-lightbox-slideshow=\"b5f8753\" data-e-action-hash=\"#elementor-action%3Aaction%3Dlightbox%26settings%3DeyJpZCI6NjAwMywidXJsIjoiaHR0cHM6XC9cL2Nvd29ya2luZy1ldXRpbi5kZVwvd3AtY29udGVudFwvdXBsb2Fkc1wvMjAyNFwvMDFcL25ldHp3ZXJrZW4uanBlZyIsInNsaWRlc2hvdyI6ImI1Zjg3NTMifQ%3D%3D\">\n\t\t\t\t\t<div class=\"e-gallery-image elementor-gallery-item__image\" data-thumbnail=\"https:\/\/coworking-eutin.de\/wp-content\/uploads\/2024\/01\/netzwerken.jpeg\" data-width=\"2305\" data-height=\"1537\" aria-label=\"\" role=\"img\" ><\/div>\n\t\t\t\t\t\t\t\t\t\t\t<div class=\"elementor-gallery-item__overlay\"><\/div>\n\t\t\t\t\t\t\t\t\t\t\t\t\t\t<\/a>\n\t\t\t\t\t\t\t<a class=\"e-gallery-item elementor-gallery-item elementor-animated-content\" href=\"https:\/\/coworking-eutin.de\/wp-content\/uploads\/2024\/01\/terrasse2.jpg\" data-elementor-open-lightbox=\"yes\" data-elementor-lightbox-slideshow=\"b5f8753\" data-elementor-lightbox-description=\"Kaffepause og\/eller arbejde med sol, frisk luft og udsigt. \u2600\ufe0f \" data-e-action-hash=\"#elementor-action%3Aaction%3Dlightbox%26settings%3DeyJpZCI6NjAwNCwidXJsIjoiaHR0cHM6XC9cL2Nvd29ya2luZy1ldXRpbi5kZVwvd3AtY29udGVudFwvdXBsb2Fkc1wvMjAyNFwvMDFcL3RlcnJhc3NlMi5qcGciLCJzbGlkZXNob3ciOiJiNWY4NzUzIn0%3D\">\n\t\t\t\t\t<div class=\"e-gallery-image elementor-gallery-item__image\" data-thumbnail=\"https:\/\/coworking-eutin.de\/wp-content\/uploads\/2024\/01\/terrasse2.jpg\" data-width=\"1600\" data-height=\"1200\" aria-label=\"\" role=\"img\" ><\/div>\n\t\t\t\t\t\t\t\t\t\t\t<div class=\"elementor-gallery-item__overlay\"><\/div>\n\t\t\t\t\t\t\t\t\t\t\t\t\t\t<\/a>\n\t\t\t\t\t\t\t<a class=\"e-gallery-item elementor-gallery-item elementor-animated-content\" href=\"https:\/\/coworking-eutin.de\/wp-content\/uploads\/2023\/03\/Shooting-Business-Offsite-Auswahl.jpg\" data-elementor-open-lightbox=\"yes\" data-elementor-lightbox-slideshow=\"b5f8753\" data-e-action-hash=\"#elementor-action%3Aaction%3Dlightbox%26settings%3DeyJpZCI6NjAwNSwidXJsIjoiaHR0cHM6XC9cL2Nvd29ya2luZy1ldXRpbi5kZVwvd3AtY29udGVudFwvdXBsb2Fkc1wvMjAyM1wvMDNcL1Nob290aW5nLUJ1c2luZXNzLU9mZnNpdGUtQXVzd2FobC5qcGciLCJzbGlkZXNob3ciOiJiNWY4NzUzIn0%3D\">\n\t\t\t\t\t<div class=\"e-gallery-image elementor-gallery-item__image\" data-thumbnail=\"https:\/\/coworking-eutin.de\/wp-content\/uploads\/2023\/03\/Shooting-Business-Offsite-Auswahl.jpg\" data-width=\"1000\" data-height=\"750\" aria-label=\"\" role=\"img\" ><\/div>\n\t\t\t\t\t\t\t\t\t\t\t<div class=\"elementor-gallery-item__overlay\"><\/div>\n\t\t\t\t\t\t\t\t\t\t\t\t\t\t<\/a>\n\t\t\t\t\t\t\t<a class=\"e-gallery-item elementor-gallery-item elementor-animated-content\" href=\"https:\/\/coworking-eutin.de\/wp-content\/uploads\/2023\/03\/Shooting-Business-Offsite-Auswahl-45.jpg\" data-elementor-open-lightbox=\"yes\" data-elementor-lightbox-slideshow=\"b5f8753\" data-e-action-hash=\"#elementor-action%3Aaction%3Dlightbox%26settings%3DeyJpZCI6NjAwNiwidXJsIjoiaHR0cHM6XC9cL2Nvd29ya2luZy1ldXRpbi5kZVwvd3AtY29udGVudFwvdXBsb2Fkc1wvMjAyM1wvMDNcL1Nob290aW5nLUJ1c2luZXNzLU9mZnNpdGUtQXVzd2FobC00NS5qcGciLCJzbGlkZXNob3ciOiJiNWY4NzUzIn0%3D\">\n\t\t\t\t\t<div class=\"e-gallery-image elementor-gallery-item__image\" data-thumbnail=\"https:\/\/coworking-eutin.de\/wp-content\/uploads\/2023\/03\/Shooting-Business-Offsite-Auswahl-45.jpg\" data-width=\"1000\" data-height=\"667\" aria-label=\"\" role=\"img\" ><\/div>\n\t\t\t\t\t\t\t\t\t\t\t<div class=\"elementor-gallery-item__overlay\"><\/div>\n\t\t\t\t\t\t\t\t\t\t\t\t\t\t<\/a>\n\t\t\t\t\t\t\t<a class=\"e-gallery-item elementor-gallery-item elementor-animated-content\" href=\"https:\/\/coworking-eutin.de\/wp-content\/uploads\/2023\/03\/Shooting-Business-Offsite-Auswahl-40.jpg\" data-elementor-open-lightbox=\"yes\" data-elementor-lightbox-slideshow=\"b5f8753\" data-e-action-hash=\"#elementor-action%3Aaction%3Dlightbox%26settings%3DeyJpZCI6NjAwNywidXJsIjoiaHR0cHM6XC9cL2Nvd29ya2luZy1ldXRpbi5kZVwvd3AtY29udGVudFwvdXBsb2Fkc1wvMjAyM1wvMDNcL1Nob290aW5nLUJ1c2luZXNzLU9mZnNpdGUtQXVzd2FobC00MC5qcGciLCJzbGlkZXNob3ciOiJiNWY4NzUzIn0%3D\">\n\t\t\t\t\t<div class=\"e-gallery-image elementor-gallery-item__image\" data-thumbnail=\"https:\/\/coworking-eutin.de\/wp-content\/uploads\/2023\/03\/Shooting-Business-Offsite-Auswahl-40.jpg\" data-width=\"1000\" data-height=\"667\" aria-label=\"\" role=\"img\" ><\/div>\n\t\t\t\t\t\t\t\t\t\t\t<div class=\"elementor-gallery-item__overlay\"><\/div>\n\t\t\t\t\t\t\t\t\t\t\t\t\t\t<\/a>\n\t\t\t\t\t\t\t<a class=\"e-gallery-item elementor-gallery-item elementor-animated-content\" href=\"https:\/\/coworking-eutin.de\/wp-content\/uploads\/2023\/03\/Shooting-Business-Offsite-99.jpg\" data-elementor-open-lightbox=\"yes\" data-elementor-lightbox-slideshow=\"b5f8753\" data-e-action-hash=\"#elementor-action%3Aaction%3Dlightbox%26settings%3DeyJpZCI6NjAwOCwidXJsIjoiaHR0cHM6XC9cL2Nvd29ya2luZy1ldXRpbi5kZVwvd3AtY29udGVudFwvdXBsb2Fkc1wvMjAyM1wvMDNcL1Nob290aW5nLUJ1c2luZXNzLU9mZnNpdGUtOTkuanBnIiwic2xpZGVzaG93IjoiYjVmODc1MyJ9\">\n\t\t\t\t\t<div class=\"e-gallery-image elementor-gallery-item__image\" data-thumbnail=\"https:\/\/coworking-eutin.de\/wp-content\/uploads\/2023\/03\/Shooting-Business-Offsite-99.jpg\" data-width=\"1000\" data-height=\"667\" aria-label=\"\" role=\"img\" ><\/div>\n\t\t\t\t\t\t\t\t\t\t\t<div class=\"elementor-gallery-item__overlay\"><\/div>\n\t\t\t\t\t\t\t\t\t\t\t\t\t\t<\/a>\n\t\t\t\t\t\t\t<a class=\"e-gallery-item elementor-gallery-item elementor-animated-content\" href=\"https:\/\/coworking-eutin.de\/wp-content\/uploads\/2023\/03\/Shooting-Business-Offsite-Auswahl-11.jpg\" data-elementor-open-lightbox=\"yes\" data-elementor-lightbox-slideshow=\"b5f8753\" data-e-action-hash=\"#elementor-action%3Aaction%3Dlightbox%26settings%3DeyJpZCI6NjAwOSwidXJsIjoiaHR0cHM6XC9cL2Nvd29ya2luZy1ldXRpbi5kZVwvd3AtY29udGVudFwvdXBsb2Fkc1wvMjAyM1wvMDNcL1Nob290aW5nLUJ1c2luZXNzLU9mZnNpdGUtQXVzd2FobC0xMS5qcGciLCJzbGlkZXNob3ciOiJiNWY4NzUzIn0%3D\">\n\t\t\t\t\t<div class=\"e-gallery-image elementor-gallery-item__image\" data-thumbnail=\"https:\/\/coworking-eutin.de\/wp-content\/uploads\/2023\/03\/Shooting-Business-Offsite-Auswahl-11.jpg\" data-width=\"1000\" data-height=\"750\" aria-label=\"\" role=\"img\" ><\/div>\n\t\t\t\t\t\t\t\t\t\t\t<div class=\"elementor-gallery-item__overlay\"><\/div>\n\t\t\t\t\t\t\t\t\t\t\t\t\t\t<\/a>\n\t\t\t\t\t\t\t<a class=\"e-gallery-item elementor-gallery-item elementor-animated-content\" href=\"https:\/\/coworking-eutin.de\/wp-content\/uploads\/2023\/02\/IMG_0792.jpeg\" data-elementor-open-lightbox=\"yes\" data-elementor-lightbox-slideshow=\"b5f8753\" data-e-action-hash=\"#elementor-action%3Aaction%3Dlightbox%26settings%3DeyJpZCI6NjAxMCwidXJsIjoiaHR0cHM6XC9cL2Nvd29ya2luZy1ldXRpbi5kZVwvd3AtY29udGVudFwvdXBsb2Fkc1wvMjAyM1wvMDJcL0lNR18wNzkyLmpwZWciLCJzbGlkZXNob3ciOiJiNWY4NzUzIn0%3D\">\n\t\t\t\t\t<div class=\"e-gallery-image elementor-gallery-item__image\" data-thumbnail=\"https:\/\/coworking-eutin.de\/wp-content\/uploads\/2023\/02\/IMG_0792.jpeg\" data-width=\"2049\" data-height=\"1536\" aria-label=\"\" role=\"img\" ><\/div>\n\t\t\t\t\t\t\t\t\t\t\t<div class=\"elementor-gallery-item__overlay\"><\/div>\n\t\t\t\t\t\t\t\t\t\t\t\t\t\t<\/a>\n\t\t\t\t\t\t\t<a class=\"e-gallery-item elementor-gallery-item elementor-animated-content\" href=\"https:\/\/coworking-eutin.de\/wp-content\/uploads\/2022\/07\/113998797-205013310-70061421-1658843514887-scaled.jpg\" data-elementor-open-lightbox=\"yes\" data-elementor-lightbox-slideshow=\"b5f8753\" data-e-action-hash=\"#elementor-action%3Aaction%3Dlightbox%26settings%3DeyJpZCI6NjAxMSwidXJsIjoiaHR0cHM6XC9cL2Nvd29ya2luZy1ldXRpbi5kZVwvd3AtY29udGVudFwvdXBsb2Fkc1wvMjAyMlwvMDdcLzExMzk5ODc5Ny0yMDUwMTMzMTAtNzAwNjE0MjEtMTY1ODg0MzUxNDg4Ny1zY2FsZWQuanBnIiwic2xpZGVzaG93IjoiYjVmODc1MyJ9\">\n\t\t\t\t\t<div class=\"e-gallery-image elementor-gallery-item__image\" data-thumbnail=\"https:\/\/coworking-eutin.de\/wp-content\/uploads\/2022\/07\/113998797-205013310-70061421-1658843514887-scaled.jpg\" data-width=\"2560\" data-height=\"1440\" aria-label=\"\" role=\"img\" ><\/div>\n\t\t\t\t\t\t\t\t\t\t\t<div class=\"elementor-gallery-item__overlay\"><\/div>\n\t\t\t\t\t\t\t\t\t\t\t\t\t\t<\/a>\n\t\t\t\t\t<\/div>\n\t\t\t\t\t<\/div>\n\t\t\t\t<\/div>\n\t\t\t\t\t<\/div>\n\t\t\t\t<\/div>\n\t\t\t\t<\/div>\n\t\t","protected":false},"excerpt":{"rendered":"<p>Business-events hos coworking.eutin Det inspirerende m\u00f8destedi det Holstenske Schweiz Til professionelle m\u00f8der, workshops og konferencer tilbyder coworking.eutin et moderne, fleksibelt lokale midt i Eutins centrum. Vores lyse omr\u00e5der, alsidige arbejdszoner og tekniske udstyr af h\u00f8j kvalitet skaber de ideelle rammer for produktive business-events i en rolig og kreativ atmosf\u00e6re \u2013 kun f\u00e5 minutter fra s\u00f8en [&hellip;]<\/p>\n","protected":false},"author":1,"featured_media":0,"parent":0,"menu_order":0,"comment_status":"closed","ping_status":"closed","template":"","meta":{"footnotes":""},"class_list":["post-5997","page","type-page","status-publish","hentry"],"_links":{"self":[{"href":"https:\/\/coworking-eutin.de\/da\/wp-json\/wp\/v2\/pages\/5997","targetHints":{"allow":["GET"]}}],"collection":[{"href":"https:\/\/coworking-eutin.de\/da\/wp-json\/wp\/v2\/pages"}],"about":[{"href":"https:\/\/coworking-eutin.de\/da\/wp-json\/wp\/v2\/types\/page"}],"author":[{"embeddable":true,"href":"https:\/\/coworking-eutin.de\/da\/wp-json\/wp\/v2\/users\/1"}],"replies":[{"embeddable":true,"href":"https:\/\/coworking-eutin.de\/da\/wp-json\/wp\/v2\/comments?post=5997"}],"version-history":[{"count":1,"href":"https:\/\/coworking-eutin.de\/da\/wp-json\/wp\/v2\/pages\/5997\/revisions"}],"predecessor-version":[{"id":6012,"href":"https:\/\/coworking-eutin.de\/da\/wp-json\/wp\/v2\/pages\/5997\/revisions\/6012"}],"wp:attachment":[{"href":"https:\/\/coworking-eutin.de\/da\/wp-json\/wp\/v2\/media?parent=5997"}],"curies":[{"name":"wp","href":"https:\/\/api.w.org\/{rel}","templated":true}]}}