{"id":6017,"date":"2025-02-06T17:36:17","date_gmt":"2025-02-06T16:36:17","guid":{"rendered":"https:\/\/coworking-eutin.de\/book-en-proevedag\/"},"modified":"2026-03-11T09:11:32","modified_gmt":"2026-03-11T08:11:32","slug":"book-en-proevedag","status":"publish","type":"page","link":"https:\/\/coworking-eutin.de\/da\/book-en-proevedag\/","title":{"rendered":"Book en pr\u00f8vedag"},"content":{"rendered":"\t\t<div data-elementor-type=\"wp-page\" data-elementor-id=\"6017\" class=\"elementor elementor-6017 elementor-4988\" data-elementor-post-type=\"page\">\n\t\t\t\t<div class=\"elementor-element elementor-element-ed73e6d e-flex e-con-boxed e-con e-parent\" data-id=\"ed73e6d\" data-element_type=\"container\" data-e-type=\"container\">\n\t\t\t\t\t<div class=\"e-con-inner\">\n\t\t\t\t<div class=\"elementor-element elementor-element-70ca73c elementor-widget elementor-widget-text-editor\" data-id=\"70ca73c\" data-element_type=\"widget\" data-e-type=\"widget\" data-widget_type=\"text-editor.default\">\n\t\t\t\t<div class=\"elementor-widget-container\">\n\t\t\t\t\t\t\t\t\t<p style=\"text-align: center;\">Vil du benytte dig af en GRATIS pr\u00f8vedag?<\/p><p style=\"text-align: center;\">Udfyld formularen nedenfor, og vi kontakter dig for at booke din plads!<\/p>\t\t\t\t\t\t\t\t<\/div>\n\t\t\t\t<\/div>\n\t\t\t\t<div class=\"elementor-element elementor-element-ce508f4 elementor-widget elementor-widget-wpforms\" data-id=\"ce508f4\" data-element_type=\"widget\" data-e-type=\"widget\" data-widget_type=\"wpforms.default\">\n\t\t\t\t<div class=\"elementor-widget-container\">\n\t\t\t\t\t<div class=\"wpforms-container wpforms-container-full\" id=\"wpforms-4992\"><form id=\"wpforms-form-4992\" class=\"wpforms-validate wpforms-form wpforms-ajax-form\" data-formid=\"4992\" method=\"post\" enctype=\"multipart\/form-data\" action=\"\/da\/wp-json\/wp\/v2\/pages\/6017\" data-token=\"d60f27a373f85665b87d67b47c6f578b\" data-token-time=\"1777226272\"><noscript class=\"wpforms-error-noscript\">Please enable JavaScript in your browser to complete this form.<\/noscript><div class=\"wpforms-field-container\"><div id=\"wpforms-4992-field_7-container\" class=\"wpforms-field wpforms-field-layout\" data-field-id=\"7\"><div class=\"wpforms-field-layout-columns wpforms-field-layout-preset-100\"><div class=\"wpforms-layout-column wpforms-layout-column-100\" ><div id=\"wpforms-4992-field_10-container\" class=\"wpforms-field wpforms-field-name\" data-field-id=\"10\"><label class=\"wpforms-field-label\">Navn <span class=\"wpforms-required-label\">*<\/span><\/label><div class=\"wpforms-field-row wpforms-field-large\"><div class=\"wpforms-field-row-block wpforms-first wpforms-one-half\"><input type=\"text\" id=\"wpforms-4992-field_10\" class=\"wpforms-field-name-first wpforms-field-required\" name=\"wpforms[fields][10][first]\" required><label for=\"wpforms-4992-field_10\" class=\"wpforms-field-sublabel after\">First<\/label><\/div><div class=\"wpforms-field-row-block wpforms-one-half\"><input type=\"text\" id=\"wpforms-4992-field_10-last\" class=\"wpforms-field-name-last wpforms-field-required\" name=\"wpforms[fields][10][last]\" required><label for=\"wpforms-4992-field_10-last\" class=\"wpforms-field-sublabel after\">Last<\/label><\/div><\/div><\/div><\/div><\/div><\/div><div id=\"wpforms-4992-field_8-container\" class=\"wpforms-field wpforms-field-phone\" data-field-id=\"8\"><label class=\"wpforms-field-label\" for=\"wpforms-4992-field_8\">Telefonnummer<\/label><input type=\"tel\" id=\"wpforms-4992-field_8\" class=\"wpforms-field-medium wpforms-smart-phone-field\" data-rule-smart-phone-field=\"true\" name=\"wpforms[fields][8]\" value=\"+49\" aria-label=\"Telefonnummer\" ><\/div><div id=\"wpforms-4992-field_3-container\" class=\"wpforms-field wpforms-field-email\" data-field-id=\"3\"><label class=\"wpforms-field-label\" for=\"wpforms-4992-field_3\">E-mail <span class=\"wpforms-required-label\">*<\/span><\/label><input type=\"email\" id=\"wpforms-4992-field_3\" class=\"wpforms-field-medium wpforms-field-required\" name=\"wpforms[fields][3]\" spellcheck=\"false\" required><\/div><div id=\"wpforms-4992-field_4-container\" class=\"wpforms-field wpforms-field-textarea\" data-field-id=\"4\"><label class=\"wpforms-field-label\" for=\"wpforms-4992-field_4\">Besked <span class=\"wpforms-required-label\">*<\/span><\/label><textarea id=\"wpforms-4992-field_4\" class=\"wpforms-field-medium wpforms-field-required\" name=\"wpforms[fields][4]\" required><\/textarea><\/div><div id=\"wpforms-4992-field_5-container\" class=\"wpforms-field wpforms-field-checkbox\" data-field-id=\"5\"><label class=\"wpforms-field-label\">Samtykke <span class=\"wpforms-required-label\">*<\/span><\/label><ul id=\"wpforms-4992-field_5\" class=\"wpforms-field-required\"><li class=\"choice-1 depth-1\"><input type=\"checkbox\" id=\"wpforms-4992-field_5_1\" name=\"wpforms[fields][5][]\" value=\"Jeg har l\u00e6st persondatapolitikken. Jeg accepterer, at mine oplysninger gemmes permanent med henblik p\u00e5 kontakt og opf\u00f8lgning. Du kan til enhver tid tilbagekalde dit samtykke ved at sende en e-mail til hallo@coworking-eutin.de.  \" required ><label class=\"wpforms-field-label-inline\" for=\"wpforms-4992-field_5_1\">Jeg har l\u00e6st persondatapolitikken. Jeg accepterer, at mine oplysninger gemmes permanent med henblik p\u00e5 kontakt og opf\u00f8lgning. Du kan til enhver tid tilbagekalde dit samtykke ved at sende en e-mail til hallo@coworking-eutin.de.<\/label><\/li><\/ul><\/div><div id=\"wpforms-4992-field_9-container\" class=\"wpforms-field wpforms-field-checkbox\" data-field-id=\"9\"><label class=\"wpforms-field-label\">Tilmeld dig nyheder og opdateringer<\/label><ul id=\"wpforms-4992-field_9\"><li class=\"choice-1 depth-1\"><input type=\"checkbox\" id=\"wpforms-4992-field_9_1\" name=\"wpforms[fields][9][]\" value=\"Jeg tilmelder mig nyhedsbrevet fra coworking.eutin\"  ><label class=\"wpforms-field-label-inline\" for=\"wpforms-4992-field_9_1\">Jeg tilmelder mig nyhedsbrevet fra coworking.eutin<\/label><\/li><\/ul><\/div><\/div><!-- .wpforms-field-container --><div class=\"wpforms-recaptcha-container wpforms-is-recaptcha wpforms-is-recaptcha-type-v3\" ><input type=\"hidden\" name=\"wpforms[recaptcha]\" value=\"\"><\/div><div class=\"wpforms-submit-container\" ><input type=\"hidden\" name=\"wpforms[id]\" value=\"4992\"><input type=\"hidden\" name=\"page_title\" value=\"\"><input type=\"hidden\" name=\"page_url\" value=\"https:\/\/coworking-eutin.de\/da\/wp-json\/wp\/v2\/pages\/6017\"><button type=\"submit\" name=\"wpforms[submit]\" id=\"wpforms-submit-4992\" class=\"wpforms-submit\" data-alt-text=\"Sender\u2026\" data-submit-text=\"Send\" aria-live=\"assertive\" value=\"wpforms-submit\">Send<\/button><img decoding=\"async\" src=\"https:\/\/coworking-eutin.de\/wp-content\/plugins\/wpforms\/assets\/images\/submit-spin.svg\" class=\"wpforms-submit-spinner\" style=\"display: none;\" width=\"26\" height=\"26\" alt=\"Loading\"><\/div><\/form><\/div>  <!-- .wpforms-container -->\t\t\t\t<\/div>\n\t\t\t\t<\/div>\n\t\t\t\t\t<\/div>\n\t\t\t\t<\/div>\n\t\t\t\t<\/div>\n\t\t","protected":false},"excerpt":{"rendered":"<p>Vil du benytte dig af en GRATIS pr\u00f8vedag? Udfyld formularen nedenfor, og vi kontakter dig for at booke din plads! Bitte aktiviere JavaScript in deinem Browser, um dieses Formular fertigzustellen.Name *VornameNachnameTelefonnummerE-Mail *Nachricht *Einverst\u00e4ndnis * Ich habe die Datenschutzerkl\u00e4rung gelesen. Ich stimme zu, dass meine Angaben zur Kontaktaufnahme und f\u00fcr R\u00fcckfragen dauerhaft gespeichert werden. Sie k\u00f6nnen [&hellip;]<\/p>\n","protected":false},"author":1,"featured_media":0,"parent":0,"menu_order":0,"comment_status":"closed","ping_status":"closed","template":"","meta":{"footnotes":""},"class_list":["post-6017","page","type-page","status-publish","hentry"],"_links":{"self":[{"href":"https:\/\/coworking-eutin.de\/da\/wp-json\/wp\/v2\/pages\/6017","targetHints":{"allow":["GET"]}}],"collection":[{"href":"https:\/\/coworking-eutin.de\/da\/wp-json\/wp\/v2\/pages"}],"about":[{"href":"https:\/\/coworking-eutin.de\/da\/wp-json\/wp\/v2\/types\/page"}],"author":[{"embeddable":true,"href":"https:\/\/coworking-eutin.de\/da\/wp-json\/wp\/v2\/users\/1"}],"replies":[{"embeddable":true,"href":"https:\/\/coworking-eutin.de\/da\/wp-json\/wp\/v2\/comments?post=6017"}],"version-history":[{"count":2,"href":"https:\/\/coworking-eutin.de\/da\/wp-json\/wp\/v2\/pages\/6017\/revisions"}],"predecessor-version":[{"id":6044,"href":"https:\/\/coworking-eutin.de\/da\/wp-json\/wp\/v2\/pages\/6017\/revisions\/6044"}],"wp:attachment":[{"href":"https:\/\/coworking-eutin.de\/da\/wp-json\/wp\/v2\/media?parent=6017"}],"curies":[{"name":"wp","href":"https:\/\/api.w.org\/{rel}","templated":true}]}}