{"id":6019,"date":"2025-10-23T10:55:35","date_gmt":"2025-10-23T08:55:35","guid":{"rendered":"https:\/\/coworking-eutin.de\/parkering\/"},"modified":"2026-03-11T09:11:29","modified_gmt":"2026-03-11T08:11:29","slug":"parkering","status":"publish","type":"page","link":"https:\/\/coworking-eutin.de\/da\/parkering\/","title":{"rendered":"Parkering"},"content":{"rendered":"\t\t<div data-elementor-type=\"wp-page\" data-elementor-id=\"6019\" class=\"elementor elementor-6019 elementor-5706\" data-elementor-post-type=\"page\">\n\t\t\t\t<div class=\"elementor-element elementor-element-db8fa97 e-flex e-con-boxed e-con e-parent\" data-id=\"db8fa97\" data-element_type=\"container\" data-e-type=\"container\">\n\t\t\t\t\t<div class=\"e-con-inner\">\n\t\t\t\t<div class=\"elementor-element elementor-element-11f0cc8 elementor-widget elementor-widget-text-editor\" data-id=\"11f0cc8\" data-element_type=\"widget\" data-e-type=\"widget\" data-widget_type=\"text-editor.default\">\n\t\t\t\t<div class=\"elementor-widget-container\">\n\t\t\t\t\t\t\t\t\t<p data-start=\"234\" data-end=\"646\">Vores coworking-space ligger i hjertet af Eutins bymidte \u2013 lige ved det historiske torv. Den centrale beliggenhed giver ikke kun korte afstande til restauranter, butikker og ugemarkedet, men ogs\u00e5 nem adgang for alle, der kommer i bil. P\u00e5 trods af beliggenheden i centrum er der flere parkeringsmuligheder i umiddelbar n\u00e6rhed, s\u00e5 vejen hen til os altid er kort.  <\/p><p data-start=\"648\" data-end=\"950\">Kun cirka <strong data-start=\"657\" data-end=\"690\">25 meter fra indgangen<\/strong> ligger der en <strong data-start=\"709\" data-end=\"747\">betalingsparkering p\u00e5 gaden<\/strong>, som er ideel til <strong data-start=\"768\" data-end=\"816\">at l\u00e6sse materialer eller arbejdsdokumenter af<\/strong>. Her kan du parkere bilen i direkte synsafstand og er hos os i coworking-spacet p\u00e5 f\u00e5 skridt. <\/p><p data-start=\"952\" data-end=\"1438\">Hvis du bliver lidt l\u00e6ngere eller gerne vil parkere fleksibelt, finder du i <strong data-start=\"1020\" data-end=\"1074\">Eutins bymidte mange flere parkeringspladser<\/strong>, som ogs\u00e5 er betalingsparkering, men <strong data-start=\"1112\" data-end=\"1164\">kan n\u00e5s til fods p\u00e5 under fem minutter<\/strong>. Disse parkeringszoner ligger rundt om torvet og langs de hovedveje, der f\u00f8rer ind til centrum. Takket v\u00e6re den gode skiltning finder du hurtigt en passende plads \u2013 uanset om du kun kommer til et m\u00f8de eller tilbringer en hel arbejdsdag hos os.  <\/p><p data-start=\"1440\" data-end=\"2135\"><strong data-start=\"1440\" data-end=\"1472\">Gratis parkeringsmuligheder<\/strong> findes lidt uden for det helt centrale omr\u00e5de \u2013 for eksempel ved <strong data-start=\"1557\" data-end=\"1568\">baneg\u00e5rden<\/strong> samt ved <strong data-start=\"1578\" data-end=\"1594\">Alten Bauhof<\/strong>. Begge parkeringsarealer ligger i en afstand p\u00e5 cirka <strong data-start=\"1648\" data-end=\"1670\">600 til 900 meter<\/strong> og kan derfor n\u00e5s <strong data-start=\"1692\" data-end=\"1727\">til fods p\u00e5 under ti minutter<\/strong>. Hvis du parkerer ved <strong data-start=\"1747\" data-end=\"1758\">baneg\u00e5rden<\/strong>, n\u00e5r du coworking-spacet via gaderne omkring bymidten med sine sm\u00e5 butikker og <strong data-start=\"1863\" data-end=\"1888\">historiske facader<\/strong>. Fra parkeringspladserne <strong data-start=\"1910\" data-end=\"1929\">ved Alten Bauhof<\/strong> g\u00e5r ruten derimod <strong data-start=\"1952\" data-end=\"2035\">gennem slotsparken med dens historiske k\u00f8kkenhave og de gamle tr\u00e6er<\/strong> \u2013 en s\u00e6rligt smuk g\u00e5tur, der lader arbejdsdagen starte eller slutte afslappet.   <\/p><p data-start=\"2137\" data-end=\"2682\">Derudover kan <strong data-start=\"2161\" data-end=\"2182\">selve torvet<\/strong> p\u00e5 bestemte dage <strong data-start=\"2203\" data-end=\"2236\">k\u00f8res p\u00e5 for af- og p\u00e5l\u00e6sning<\/strong>:<br data-start=\"2244\" data-end=\"2247\">Mandag, tirsdag, torsdag og fredag er indk\u00f8rsel mulig <strong data-start=\"2308\" data-end=\"2344\">indtil kl. 11:00 samt fra kl. 18:00<\/strong>. Det er is\u00e6r praktisk for <strong data-start=\"2386\" data-end=\"2422\">teams, coaches eller arrang\u00f8rer<\/strong>, der medbringer eget udstyr eller st\u00f8rre materialer. <strong data-start=\"2483\" data-end=\"2528\">Om onsdagen er indk\u00f8rsel ikke tilladt<\/strong>, da ugemarkedet afholdes. <br data-start=\"2561\" data-end=\"2564\"><strong data-start=\"2564\" data-end=\"2598\">Uden for de n\u00e6vnte tidspunkter<\/strong> er torvet sp\u00e6rret af med <strong data-start=\"2624\" data-end=\"2645\">pullerter<\/strong>, s\u00e5 indk\u00f8rsel ikke er mulig.<\/p><p data-start=\"2684\" data-end=\"2974\">Takket v\u00e6re de mange parkerings- og adgangsmuligheder er vores coworking-space optimalt tilg\u00e6ngeligt b\u00e5de for spontane bes\u00f8gende og for faste brugere. Uanset om du vil parkere lige ved d\u00f8ren eller lidt udenfor \u2013 vejen hen til os er altid kort, nem og central. <\/p>\t\t\t\t\t\t\t\t<\/div>\n\t\t\t\t<\/div>\n\t\t\t\t<div class=\"elementor-element elementor-element-1ebd068 elementor-widget__width-inherit elementor-widget elementor-widget-shortcode\" data-id=\"1ebd068\" data-element_type=\"widget\" data-e-type=\"widget\" data-widget_type=\"shortcode.default\">\n\t\t\t\t<div class=\"elementor-widget-container\">\n\t\t\t\t\t\t\t<div class=\"elementor-shortcode\">[put_wpgm id=\"1\"]<\/div>\n\t\t\t\t\t\t<\/div>\n\t\t\t\t<\/div>\n\t\t\t\t\t<\/div>\n\t\t\t\t<\/div>\n\t\t\t\t<\/div>\n\t\t","protected":false},"excerpt":{"rendered":"<p>Vores coworking-space ligger i hjertet af Eutins bymidte \u2013 lige ved det historiske torv. Den centrale beliggenhed giver ikke kun korte afstande til restauranter, butikker og ugemarkedet, men ogs\u00e5 nem adgang for alle, der kommer i bil. P\u00e5 trods af beliggenheden i centrum er der flere parkeringsmuligheder i umiddelbar n\u00e6rhed, s\u00e5 vejen hen til os [&hellip;]<\/p>\n","protected":false},"author":1,"featured_media":6023,"parent":0,"menu_order":0,"comment_status":"closed","ping_status":"closed","template":"","meta":{"footnotes":""},"class_list":["post-6019","page","type-page","status-publish","has-post-thumbnail","hentry"],"_links":{"self":[{"href":"https:\/\/coworking-eutin.de\/da\/wp-json\/wp\/v2\/pages\/6019","targetHints":{"allow":["GET"]}}],"collection":[{"href":"https:\/\/coworking-eutin.de\/da\/wp-json\/wp\/v2\/pages"}],"about":[{"href":"https:\/\/coworking-eutin.de\/da\/wp-json\/wp\/v2\/types\/page"}],"author":[{"embeddable":true,"href":"https:\/\/coworking-eutin.de\/da\/wp-json\/wp\/v2\/users\/1"}],"replies":[{"embeddable":true,"href":"https:\/\/coworking-eutin.de\/da\/wp-json\/wp\/v2\/comments?post=6019"}],"version-history":[{"count":1,"href":"https:\/\/coworking-eutin.de\/da\/wp-json\/wp\/v2\/pages\/6019\/revisions"}],"predecessor-version":[{"id":6024,"href":"https:\/\/coworking-eutin.de\/da\/wp-json\/wp\/v2\/pages\/6019\/revisions\/6024"}],"wp:featuredmedia":[{"embeddable":true,"href":"https:\/\/coworking-eutin.de\/da\/wp-json\/wp\/v2\/media\/6023"}],"wp:attachment":[{"href":"https:\/\/coworking-eutin.de\/da\/wp-json\/wp\/v2\/media?parent=6019"}],"curies":[{"name":"wp","href":"https:\/\/api.w.org\/{rel}","templated":true}]}}